{"id":15,"date":"2014-10-28T09:41:59","date_gmt":"2014-10-28T09:41:59","guid":{"rendered":"http:\/\/themes.muffingroup.com\/be\/electric\/?page_id=15"},"modified":"2017-02-07T11:44:20","modified_gmt":"2017-02-07T09:44:20","slug":"contact","status":"publish","type":"page","link":"https:\/\/www.alcaplas.com\/fr\/contact\/","title":{"rendered":"(Espa\u00f1ol) Contacto"},"content":{"rendered":"<p class=\"qtranxs-available-languages-message qtranxs-available-languages-message-fr\">D\u00e9sol\u00e9, cet article est seulement disponible en <a href=\"https:\/\/www.alcaplas.com\/es\/wp-json\/wp\/v2\/pages\/15\" class=\"qtranxs-available-language-link qtranxs-available-language-link-es\" title=\"Espa\u00f1ol\">Espagnol Europ\u00e9en<\/a> et <a href=\"https:\/\/www.alcaplas.com\/en\/wp-json\/wp\/v2\/pages\/15\" class=\"qtranxs-available-language-link qtranxs-available-language-link-en\" title=\"English\">Anglais Am\u00e9ricain<\/a>.<\/p>","protected":false},"excerpt":{"rendered":"<p>D\u00e9sol\u00e9, cet article est seulement disponible en Espagnol Europ\u00e9en et Anglais Am\u00e9ricain.<\/p>\n","protected":false},"author":1,"featured_media":0,"parent":0,"menu_order":0,"comment_status":"open","ping_status":"open","template":"","meta":[],"_links":{"self":[{"href":"https:\/\/www.alcaplas.com\/fr\/wp-json\/wp\/v2\/pages\/15"}],"collection":[{"href":"https:\/\/www.alcaplas.com\/fr\/wp-json\/wp\/v2\/pages"}],"about":[{"href":"https:\/\/www.alcaplas.com\/fr\/wp-json\/wp\/v2\/types\/page"}],"author":[{"embeddable":true,"href":"https:\/\/www.alcaplas.com\/fr\/wp-json\/wp\/v2\/users\/1"}],"replies":[{"embeddable":true,"href":"https:\/\/www.alcaplas.com\/fr\/wp-json\/wp\/v2\/comments?post=15"}],"version-history":[{"count":26,"href":"https:\/\/www.alcaplas.com\/fr\/wp-json\/wp\/v2\/pages\/15\/revisions"}],"predecessor-version":[{"id":3353,"href":"https:\/\/www.alcaplas.com\/fr\/wp-json\/wp\/v2\/pages\/15\/revisions\/3353"}],"wp:attachment":[{"href":"https:\/\/www.alcaplas.com\/fr\/wp-json\/wp\/v2\/media?parent=15"}],"curies":[{"name":"wp","href":"https:\/\/api.w.org\/{rel}","templated":true}]}}